{"id":204,"date":"2016-06-24T20:23:51","date_gmt":"2016-06-24T18:23:51","guid":{"rendered":"http:\/\/www.durafloor-werner.de\/en\/home\/"},"modified":"2022-09-07T12:33:49","modified_gmt":"2022-09-07T10:33:49","slug":"home","status":"publish","type":"page","link":"https:\/\/www.durafloor-werner.de\/en\/","title":{"rendered":"Home"},"content":{"rendered":"<div class=\"row\">\n<div class=\"col-md-4\">\n<h2 class=\"teaser-headline\">Welcome to Werner Floors<sup>\u00ae<\/sup><\/h2>\n<h4 class=\"teaser-sub\">Your professional partner for projects anywhere in the world.<\/h4>\n<\/div>\n<div class=\"col-md-8\">\n<div class=\"home-ref-slide-container\">\n<ul class=\"home-ref-slide\">\n<li><picture><source srcset=\"\/wp-content\/uploads\/Shenzhen-Bay_1-2.webp\" type=\"image\/webp\" \/><source srcset=\"\/wp-content\/uploads\/Shenzhen-Bay_1-2.jpg\" type=\"image\/jpeg\" \/><img decoding=\"async\" src=\"\/wp-content\/uploads\/Shenzhen-Bay_1-2.jpg\" alt=\"\" \/><\/picture>\n<div class=\"home-ref-slide-buttons\"><a class=\"home-ref-slide-cta\" href=\"\/en\/customized-line\/#anchor-Rhomb Parquet\">Go to product<\/a> <a class=\"home-ref-slide-cta\" href=\"\/en\/references\/#cbpi=https:\/\/www.durafloor-werner.de\/en\/references\/shenzhen-one-shenzhen-bay\/\">Go to reference<\/a><\/div>\n<\/li>\n<li><picture><source srcset=\"\/wp-content\/uploads\/BurJuman_2-1.webp\" type=\"image\/webp\" \/><source srcset=\"\/wp-content\/uploads\/BurJuman_2-1.jpg\" type=\"image\/jpeg\" \/><img decoding=\"async\" src=\"\/wp-content\/uploads\/BurJuman_2-1.jpg\" alt=\"\" \/><\/picture>\n<div class=\"home-ref-slide-buttons\"><a class=\"home-ref-slide-cta\" href=\"\/en\/parquet\/oak-sl-design-line\/\">Go to product<\/a> <a class=\"home-ref-slide-cta\" href=\"\/en\/references\/#cbpi=https:\/\/www.durafloor-werner.de\/en\/references\/uae-burjuman-apartments-dubai\/\">Go to reference<\/a><\/div>\n<\/li>\n<li><picture><source srcset=\"\/wp-content\/uploads\/Barcelo_5-1.webp\" type=\"image\/webp\" \/><source srcset=\"\/wp-content\/uploads\/Barcelo_5-1.jpg\" type=\"image\/jpeg\" \/><img decoding=\"async\" src=\"\/wp-content\/uploads\/Barcelo_5-1.jpg\" alt=\"\" \/><\/picture>\n<div class=\"home-ref-slide-buttons\"><a class=\"home-ref-slide-cta\" href=\"\/en\/customized-line\/#parquetanchor\">Go to product<\/a> <a class=\"home-ref-slide-cta\" href=\"\/en\/references\/#cbpi=https:\/\/www.durafloor-werner.de\/en\/references\/hamburg-barcelo-hotel\/\">Go to reference<\/a><\/div>\n<\/li>\n<li><picture><source srcset=\"\/wp-content\/uploads\/Wien_4-2.webp\" type=\"image\/webp\" \/><source srcset=\"\/wp-content\/uploads\/Wien_4-2.jpg\" type=\"image\/jpeg\" \/><img decoding=\"async\" src=\"\/wp-content\/uploads\/Wien_4-2.jpg\" alt=\"\" \/><\/picture>\n<div class=\"home-ref-slide-buttons\"><a class=\"home-ref-slide-cta\" href=\"\/en\/parquet\/bamboo-vertical-laminated-classic-tone\/\">Go to product<\/a> <a class=\"home-ref-slide-cta\" href=\"\/en\/references\/#cbpi=https:\/\/www.durafloor-werner.de\/en\/references\/vienna-university-of-economics\/\">Go to reference<\/a><\/div>\n<\/li>\n<\/ul>\n<p><a class=\"slidenav home-ref-nav prev\" href=\"#\"><span class=\"sr-only\">Previous Slide<\/span><\/a> <a class=\"slidenav home-ref-nav next\" href=\"#\"><span class=\"sr-only\">Next Slide<\/span><\/a><\/p>\n<\/div>\n<\/div>\n<\/div>\n<div class=\"row\">\n<div class=\"col-md-4\">\n<p>Here you can download our current catalogues (PDF):<\/p>\n<p style=\"line-height: 24pt;\"><i class=\"fa fa-file-pdf-o\"><\/i> <a href=\"\/wp-content\/uploads\/customized-line.pdf\" target=\"_blank\" rel=\"noopener\">Customized Line<\/a><br \/>\n<i class=\"fa fa-file-pdf-o\"><\/i> <a href=\"\/wp-content\/uploads\/Broschure-2016_small.pdf\" target=\"_blank\" rel=\"noopener\">Brochure<\/a><br \/>\n<i class=\"fa fa-file-pdf-o\"><\/i> <a href=\"\/wp-content\/uploads\/Werner-Floors-Reference-List.pdf\" target=\"_blank\" rel=\"noopener\">Reference-List<\/a><\/p>\n<\/div>\n<div class=\"col-md-4\">\n<p>Durafloor Werner is specialized in Bamboo flooring all around the world. Furthermore we offer\u00a0a wide range of different hardwood floorings: among others Oak, Smoked Oak, Walnut, Wenge, Jatoba, Doussi\u00e9, Zebrano, Ash, Merbau, Maple. We aim for the highest quality in raw materials as well as in precision and always do our outmost to make sure our products fulfill all demands.<\/p>\n<\/div>\n<div class=\"col-md-4\">\n<p>Thanks to our consistent quality and reliability we are known as a highly reputable supplier of all kinds of parquet flooring in over 20 countries on 4 continents. Our progressive production site enables us to realize all kinds of individual flooring requests, such as particular sizes, usable layers or surface treatments. This flexibility, as well as our quality and reliability, are highly appreciated by our customers around the world.<\/p>\n<\/div>\n<\/div>\n<div class=\"separator\"><\/div>\n<div class=\"row\">\n<div class=\"col-md-12\">\n<h3><a href=\"https:\/\/www.durafloor-werner.de\/en\/customized-line\/\">Werner Floors\u00ae Parquet &#8211; Customized Line<\/a><\/h3>\n<p>During the last years and by increasing international cooperation with architects and interior designers, Werner Floors\u00ae developed in the field of special surfaces and custom made products. With the products from our Customized Line all extraordinary requirements and demands can be satisfied; special installation patterns and designs like Chevron\/french herringbone, rhombs, hexagon structures, any dimensions and parquet of all different kinds of wood can be produced on request.<\/p>\n<\/div>\n<\/div>\n<div class=\"row\">\n<div class=\"col-sm-4\">\n<div class=\"img-teaser\">\n<p><a href=\"https:\/\/www.durafloor-werner.de\/en\/customized-line\/\"><picture><source srcset=\"\/wp-content\/uploads\/Rhomben-web-700x500-1.webp\" type=\"image\/webp\" \/><source srcset=\"\/wp-content\/uploads\/Rhomben-web-700x500.jpg\" type=\"image\/jpeg\" \/><img decoding=\"async\" src=\"\/wp-content\/uploads\/Rhomben-web-700x500.jpg\" alt=\"Rhomb parquet\" \/><\/picture><\/a><\/p>\n<div class=\"img-teaser-inner\">Our aim is to fulfill all wishes of the builders and architects to the full extent regarding the shape and the surface refinement of our parquet. The results of our dynamic increasing cooperation can be seen in exclusive and prestigious projects worldwide.<\/div>\n<\/div>\n<\/div>\n<div class=\"col-sm-4\">\n<div class=\"img-teaser\">\n<p><a href=\"https:\/\/www.durafloor-werner.de\/en\/customized-line\/\"><picture><source srcset=\"\/wp-content\/uploads\/Referenz_Home.webp\" type=\"image\/webp\" \/><source srcset=\"\/wp-content\/uploads\/Referenz_Home.jpg\" type=\"image\/jpeg\" \/><img decoding=\"async\" src=\"\/wp-content\/uploads\/Referenz_Home.jpg\" alt=\"View into a room with durafloor parquet\" \/><\/picture><\/a><\/p>\n<div class=\"img-teaser-inner\">Recent projects with custom-made products by Werner Floors\u00ae are located for example in New York, Shenzhen, Beijing, Manila, Dubai, Mexico City and of course in different cities in Germany and Europe. Alongside homebuilding companies and private investors, we work for wellknown companies like Ritz Carlton, Conrad Hotels, Bulgari, Hilton, Raffles Hotels etc.<\/div>\n<\/div>\n<\/div>\n<div class=\"col-sm-4\">\n<div class=\"img-teaser\">\n<p><a href=\"https:\/\/www.durafloor-werner.de\/en\/customized-line\/\"><picture><source srcset=\"\/wp-content\/uploads\/Titel_Manufaktur_Linie_Englisch-700x500-1.webp\" type=\"image\/webp\" \/><source srcset=\"\/wp-content\/uploads\/Titel_Manufaktur_Linie_Englisch-700x500.jpg\" type=\"image\/jpeg\" \/><img decoding=\"async\" src=\"\/wp-content\/uploads\/Titel_Manufaktur_Linie_Englisch-700x500.jpg\" alt=\"Customized Line\" \/><\/picture><\/a><\/p>\n<div class=\"img-teaser-inner\">All parquet floors shown here are just examples, they are only an extract of our full customized line and opportunities we offer. Do not hesitate showing your desires.<\/div>\n<\/div>\n<\/div>\n<\/div>\n<div class=\"home-slide-container\">\n<ul class=\"home-slide\">\n<li><img decoding=\"async\" src=\"\/wp-content\/uploads\/home-slide-1.jpg\" alt=\"\" \/> <span class=\"home-slide-hl\">Exklusive range of wood species<\/span><\/li>\n<li><img decoding=\"async\" src=\"\/wp-content\/uploads\/home-slide-2.jpg\" alt=\"\" \/> <span class=\"home-slide-hl\">Excellent diversity in surface treatments<\/span><\/li>\n<li><img decoding=\"async\" src=\"\/wp-content\/uploads\/home-slide-3.jpg\" alt=\"\" \/> <span class=\"home-slide-hl\">Any type of flooring construction<\/span><\/li>\n<li><img decoding=\"async\" src=\"\/wp-content\/uploads\/home-slide-4.jpg\" alt=\"\" \/> <span class=\"home-slide-hl\">Exemplary technical assistance<\/span><\/li>\n<\/ul>\n<p><a class=\"slidenav home-slide-nav prev\" href=\"#\"><span class=\"sr-only\">Previous Slide<\/span><\/a> <a class=\"slidenav home-slide-nav next\" href=\"#\"><span class=\"sr-only\">Next Slide<\/span><\/a><\/p>\n<\/div>\n<div class=\"row\">\n<div class=\"col-md-4\">\n<h3><a href=\"https:\/\/www.durafloor-werner.de\/en\/references\/\">satisfied customers all around the globe<\/a><\/h3>\n<p>Our valued customers among others are Hugo Boss, Mercedes, Rolls Royce, Telekom, adidas, Kempinski, Hilton, the Ritz Carlton Group.<\/p>\n<p><a class=\"button grey\" href=\"\/en\/references\/\">our references<\/a><\/p>\n<\/div>\n<div class=\"col-md-8\"><a href=\"https:\/\/www.durafloor-werner.de\/en\/references\/\"><img loading=\"lazy\" decoding=\"async\" class=\"alignnone\" src=\"\/wp-content\/uploads\/worldmap-2022.jpeg\" alt=\"Dotted visualisation of the world map\" width=\"800\" height=\"380\" \/><br \/>\n<\/a><\/div>\n<\/div>\n<p><script type=\"text\/javascript\" src=\"\/wp-content\/themes\/durafloor\/js\/lightslider.min.js\"><\/script><\/p>\n","protected":false},"excerpt":{"rendered":"<p>Welcome to Werner Floors\u00ae Your professional partner for projects anywhere in the world. Go to product Go to reference Go to product Go to reference Go to product Go to reference Go to product Go to reference Previous Slide Next Slide Here you can download our current catalogues (PDF): Customized Line Brochure Reference-List Durafloor Werner [&hellip;]<\/p>\n","protected":false},"author":1,"featured_media":0,"parent":0,"menu_order":0,"comment_status":"closed","ping_status":"closed","template":"","meta":{"_acf_changed":false,"footnotes":"","_links_to":"","_links_to_target":""},"class_list":["post-204","page","type-page","status-publish","hentry"],"acf":[],"yoast_head":"<!-- This site is optimized with the Yoast SEO plugin v26.8 - https:\/\/yoast.com\/product\/yoast-seo-wordpress\/ -->\n<title>Werner Floors\u00ae - Ihr professioneller Partner f\u00fcr Parkettw\u00fcnsche weltweit.<\/title>\n<meta name=\"description\" content=\"Ihr professioneller Partner f\u00fcr Parkettw\u00fcnsche weltweit.\" \/>\n<meta name=\"robots\" content=\"index, follow, max-snippet:-1, max-image-preview:large, max-video-preview:-1\" \/>\n<link rel=\"canonical\" href=\"https:\/\/www.durafloor-werner.de\/en\/\" \/>\n<meta property=\"og:locale\" content=\"en_US\" \/>\n<meta property=\"og:type\" content=\"article\" \/>\n<meta property=\"og:title\" content=\"Werner Floors\u00ae - Ihr professioneller Partner f\u00fcr Parkettw\u00fcnsche weltweit.\" \/>\n<meta property=\"og:description\" content=\"Ihr professioneller Partner f\u00fcr Parkettw\u00fcnsche weltweit.\" \/>\n<meta property=\"og:url\" content=\"https:\/\/www.durafloor-werner.de\/en\/\" \/>\n<meta property=\"og:site_name\" content=\"Werner Floors\u00ae\" \/>\n<meta property=\"article:modified_time\" content=\"2022-09-07T10:33:49+00:00\" \/>\n<meta property=\"og:image\" content=\"https:\/\/www.durafloor-werner.de\/wp-content\/uploads\/og-image.jpg\" \/>\n\t<meta property=\"og:image:width\" content=\"1200\" \/>\n\t<meta property=\"og:image:height\" content=\"1200\" \/>\n\t<meta property=\"og:image:type\" content=\"image\/jpeg\" \/>\n<meta name=\"twitter:card\" content=\"summary_large_image\" \/>\n<meta name=\"twitter:label1\" content=\"Est. reading time\" \/>\n\t<meta name=\"twitter:data1\" content=\"5 minutes\" \/>\n<script type=\"application\/ld+json\" class=\"yoast-schema-graph\">{\"@context\":\"https:\/\/schema.org\",\"@graph\":[{\"@type\":\"WebPage\",\"@id\":\"https:\/\/www.durafloor-werner.de\/en\/\",\"url\":\"https:\/\/www.durafloor-werner.de\/en\/\",\"name\":\"Werner Floors\u00ae - Ihr professioneller Partner f\u00fcr Parkettw\u00fcnsche weltweit.\",\"isPartOf\":{\"@id\":\"https:\/\/www.durafloor-werner.de\/en\/#website\"},\"datePublished\":\"2016-06-24T18:23:51+00:00\",\"dateModified\":\"2022-09-07T10:33:49+00:00\",\"description\":\"Ihr professioneller Partner f\u00fcr Parkettw\u00fcnsche weltweit.\",\"breadcrumb\":{\"@id\":\"https:\/\/www.durafloor-werner.de\/en\/#breadcrumb\"},\"inLanguage\":\"en-US\",\"potentialAction\":[{\"@type\":\"ReadAction\",\"target\":[\"https:\/\/www.durafloor-werner.de\/en\/\"]}]},{\"@type\":\"BreadcrumbList\",\"@id\":\"https:\/\/www.durafloor-werner.de\/en\/#breadcrumb\",\"itemListElement\":[{\"@type\":\"ListItem\",\"position\":1,\"name\":\"Startseite\",\"item\":\"https:\/\/www.durafloor-werner.de\/en\/\"},{\"@type\":\"ListItem\",\"position\":2,\"name\":\"Home\"}]},{\"@type\":\"WebSite\",\"@id\":\"https:\/\/www.durafloor-werner.de\/en\/#website\",\"url\":\"https:\/\/www.durafloor-werner.de\/en\/\",\"name\":\"Werner Floors\u00ae\",\"description\":\"Werner Floors parquet, bambooparquet, bamboo parquet, oak parquet, oak, parquet, real wooden flooring, own high quality production according to German standards, Durafloor Werner GmbH\",\"publisher\":{\"@id\":\"https:\/\/www.durafloor-werner.de\/en\/#organization\"},\"potentialAction\":[{\"@type\":\"SearchAction\",\"target\":{\"@type\":\"EntryPoint\",\"urlTemplate\":\"https:\/\/www.durafloor-werner.de\/en\/?s={search_term_string}\"},\"query-input\":{\"@type\":\"PropertyValueSpecification\",\"valueRequired\":true,\"valueName\":\"search_term_string\"}}],\"inLanguage\":\"en-US\"},{\"@type\":\"Organization\",\"@id\":\"https:\/\/www.durafloor-werner.de\/en\/#organization\",\"name\":\"Durafloor Werner GmbH\",\"url\":\"https:\/\/www.durafloor-werner.de\/en\/\",\"logo\":{\"@type\":\"ImageObject\",\"inLanguage\":\"en-US\",\"@id\":\"https:\/\/www.durafloor-werner.de\/en\/#\/schema\/logo\/image\/\",\"url\":\"https:\/\/www.durafloor-werner.de\/wp-content\/uploads\/og-image.jpg\",\"contentUrl\":\"https:\/\/www.durafloor-werner.de\/wp-content\/uploads\/og-image.jpg\",\"width\":1200,\"height\":1200,\"caption\":\"Durafloor Werner GmbH\"},\"image\":{\"@id\":\"https:\/\/www.durafloor-werner.de\/en\/#\/schema\/logo\/image\/\"}}]}<\/script>\n<!-- \/ Yoast SEO plugin. -->","yoast_head_json":{"title":"Werner Floors\u00ae - Ihr professioneller Partner f\u00fcr Parkettw\u00fcnsche weltweit.","description":"Ihr professioneller Partner f\u00fcr Parkettw\u00fcnsche weltweit.","robots":{"index":"index","follow":"follow","max-snippet":"max-snippet:-1","max-image-preview":"max-image-preview:large","max-video-preview":"max-video-preview:-1"},"canonical":"https:\/\/www.durafloor-werner.de\/en\/","og_locale":"en_US","og_type":"article","og_title":"Werner Floors\u00ae - Ihr professioneller Partner f\u00fcr Parkettw\u00fcnsche weltweit.","og_description":"Ihr professioneller Partner f\u00fcr Parkettw\u00fcnsche weltweit.","og_url":"https:\/\/www.durafloor-werner.de\/en\/","og_site_name":"Werner Floors\u00ae","article_modified_time":"2022-09-07T10:33:49+00:00","og_image":[{"width":1200,"height":1200,"url":"https:\/\/www.durafloor-werner.de\/wp-content\/uploads\/og-image.jpg","type":"image\/jpeg"}],"twitter_card":"summary_large_image","twitter_misc":{"Est. reading time":"5 minutes"},"schema":{"@context":"https:\/\/schema.org","@graph":[{"@type":"WebPage","@id":"https:\/\/www.durafloor-werner.de\/en\/","url":"https:\/\/www.durafloor-werner.de\/en\/","name":"Werner Floors\u00ae - Ihr professioneller Partner f\u00fcr Parkettw\u00fcnsche weltweit.","isPartOf":{"@id":"https:\/\/www.durafloor-werner.de\/en\/#website"},"datePublished":"2016-06-24T18:23:51+00:00","dateModified":"2022-09-07T10:33:49+00:00","description":"Ihr professioneller Partner f\u00fcr Parkettw\u00fcnsche weltweit.","breadcrumb":{"@id":"https:\/\/www.durafloor-werner.de\/en\/#breadcrumb"},"inLanguage":"en-US","potentialAction":[{"@type":"ReadAction","target":["https:\/\/www.durafloor-werner.de\/en\/"]}]},{"@type":"BreadcrumbList","@id":"https:\/\/www.durafloor-werner.de\/en\/#breadcrumb","itemListElement":[{"@type":"ListItem","position":1,"name":"Startseite","item":"https:\/\/www.durafloor-werner.de\/en\/"},{"@type":"ListItem","position":2,"name":"Home"}]},{"@type":"WebSite","@id":"https:\/\/www.durafloor-werner.de\/en\/#website","url":"https:\/\/www.durafloor-werner.de\/en\/","name":"Werner Floors\u00ae","description":"Werner Floors parquet, bambooparquet, bamboo parquet, oak parquet, oak, parquet, real wooden flooring, own high quality production according to German standards, Durafloor Werner GmbH","publisher":{"@id":"https:\/\/www.durafloor-werner.de\/en\/#organization"},"potentialAction":[{"@type":"SearchAction","target":{"@type":"EntryPoint","urlTemplate":"https:\/\/www.durafloor-werner.de\/en\/?s={search_term_string}"},"query-input":{"@type":"PropertyValueSpecification","valueRequired":true,"valueName":"search_term_string"}}],"inLanguage":"en-US"},{"@type":"Organization","@id":"https:\/\/www.durafloor-werner.de\/en\/#organization","name":"Durafloor Werner GmbH","url":"https:\/\/www.durafloor-werner.de\/en\/","logo":{"@type":"ImageObject","inLanguage":"en-US","@id":"https:\/\/www.durafloor-werner.de\/en\/#\/schema\/logo\/image\/","url":"https:\/\/www.durafloor-werner.de\/wp-content\/uploads\/og-image.jpg","contentUrl":"https:\/\/www.durafloor-werner.de\/wp-content\/uploads\/og-image.jpg","width":1200,"height":1200,"caption":"Durafloor Werner GmbH"},"image":{"@id":"https:\/\/www.durafloor-werner.de\/en\/#\/schema\/logo\/image\/"}}]}},"_links":{"self":[{"href":"https:\/\/www.durafloor-werner.de\/en\/wp-json\/wp\/v2\/pages\/204","targetHints":{"allow":["GET"]}}],"collection":[{"href":"https:\/\/www.durafloor-werner.de\/en\/wp-json\/wp\/v2\/pages"}],"about":[{"href":"https:\/\/www.durafloor-werner.de\/en\/wp-json\/wp\/v2\/types\/page"}],"author":[{"embeddable":true,"href":"https:\/\/www.durafloor-werner.de\/en\/wp-json\/wp\/v2\/users\/1"}],"replies":[{"embeddable":true,"href":"https:\/\/www.durafloor-werner.de\/en\/wp-json\/wp\/v2\/comments?post=204"}],"version-history":[{"count":54,"href":"https:\/\/www.durafloor-werner.de\/en\/wp-json\/wp\/v2\/pages\/204\/revisions"}],"predecessor-version":[{"id":4597,"href":"https:\/\/www.durafloor-werner.de\/en\/wp-json\/wp\/v2\/pages\/204\/revisions\/4597"}],"wp:attachment":[{"href":"https:\/\/www.durafloor-werner.de\/en\/wp-json\/wp\/v2\/media?parent=204"}],"curies":[{"name":"wp","href":"https:\/\/api.w.org\/{rel}","templated":true}]}}